{"id":1322,"date":"2025-03-04T20:20:04","date_gmt":"2025-03-04T19:20:04","guid":{"rendered":"http:\/\/nesthocker-offingen.de\/www\/?page_id=1322"},"modified":"2025-07-24T16:23:52","modified_gmt":"2025-07-24T14:23:52","slug":"cafe-snackbar","status":"publish","type":"page","link":"http:\/\/nesthocker-offingen.de\/www\/cafe-snackbar\/","title":{"rendered":"Caf\u00e9 &#038; Snackbar"},"content":{"rendered":"\n<p><\/p>\n\n\n\n<figure class=\"wp-block-image size-large\"><img loading=\"lazy\" decoding=\"async\" width=\"1024\" height=\"843\" src=\"http:\/\/nesthocker-offingen.de\/www\/wp-content\/uploads\/2020\/06\/Eingang-und-Terrasse-1024x843.jpg\" alt=\"\" class=\"wp-image-33\" srcset=\"http:\/\/nesthocker-offingen.de\/www\/wp-content\/uploads\/2020\/06\/Eingang-und-Terrasse-1024x843.jpg 1024w, http:\/\/nesthocker-offingen.de\/www\/wp-content\/uploads\/2020\/06\/Eingang-und-Terrasse-300x247.jpg 300w, http:\/\/nesthocker-offingen.de\/www\/wp-content\/uploads\/2020\/06\/Eingang-und-Terrasse-768x632.jpg 768w, http:\/\/nesthocker-offingen.de\/www\/wp-content\/uploads\/2020\/06\/Eingang-und-Terrasse-1536x1264.jpg 1536w, http:\/\/nesthocker-offingen.de\/www\/wp-content\/uploads\/2020\/06\/Eingang-und-Terrasse-1200x988.jpg 1200w, http:\/\/nesthocker-offingen.de\/www\/wp-content\/uploads\/2020\/06\/Eingang-und-Terrasse.jpg 1792w\" sizes=\"auto, (max-width: 1024px) 100vw, 1024px\" \/><\/figure>\n\n\n\n<p>Wir haben den ehemaligen Kuhstall, Baujahr 1906, grundlegend restauriert, jedoch die alten Formen weitgehend erhalten.<\/p>\n\n\n\n<p class=\"has-primary-color has-text-color\">Bei uns kann man in gem\u00fctlicher Atmosph\u00e4re entspannen und  diverse Snacks  wie z.B. Flammkuchen, hausgemachte Pizza, Eint\u00f6pfe, Kaffee, selbstgemachte Kuchen, italienisches Eis u.v.m. genie\u00dfen (auch <strong>vegetarisch<\/strong> und <strong>vegan<\/strong>).<\/p>\n\n\n\n<p class=\"has-primary-color has-text-color\"> <strong>Gerne kann Essen vorbestellt und abgeholt werden. <\/strong><\/p>\n\n\n\n<p>Bei uns gibt es nur <strong>frische<\/strong> Ware, wir kaufen <strong>regional <\/strong>und <strong>saisonal<\/strong>!<\/p>\n\n\n\n<figure class=\"wp-block-image size-large\"><img loading=\"lazy\" decoding=\"async\" width=\"1024\" height=\"461\" src=\"http:\/\/nesthocker-offingen.de\/www\/wp-content\/uploads\/2023\/03\/20230127_111355-1-1024x461.jpg\" alt=\"Snackbar \/ Caf\u00e9\" class=\"wp-image-1007\" srcset=\"http:\/\/nesthocker-offingen.de\/www\/wp-content\/uploads\/2023\/03\/20230127_111355-1-1024x461.jpg 1024w, http:\/\/nesthocker-offingen.de\/www\/wp-content\/uploads\/2023\/03\/20230127_111355-1-300x135.jpg 300w, http:\/\/nesthocker-offingen.de\/www\/wp-content\/uploads\/2023\/03\/20230127_111355-1-768x346.jpg 768w, http:\/\/nesthocker-offingen.de\/www\/wp-content\/uploads\/2023\/03\/20230127_111355-1-1536x691.jpg 1536w, http:\/\/nesthocker-offingen.de\/www\/wp-content\/uploads\/2023\/03\/20230127_111355-1-2048x922.jpg 2048w, http:\/\/nesthocker-offingen.de\/www\/wp-content\/uploads\/2023\/03\/20230127_111355-1-1200x540.jpg 1200w, http:\/\/nesthocker-offingen.de\/www\/wp-content\/uploads\/2023\/03\/20230127_111355-1-1980x891.jpg 1980w\" sizes=\"auto, (max-width: 1024px) 100vw, 1024px\" \/><figcaption class=\"wp-element-caption\">Snackbar \/ Caf\u00e9<\/figcaption><\/figure>\n","protected":false},"excerpt":{"rendered":"<p>Wir haben den ehemaligen Kuhstall, Baujahr 1906, grundlegend restauriert, jedoch die alten Formen weitgehend erhalten. Bei uns kann man in gem\u00fctlicher Atmosph\u00e4re entspannen und diverse Snacks wie z.B. Flammkuchen, hausgemachte [&hellip;]<\/p>\n","protected":false},"author":1,"featured_media":0,"parent":0,"menu_order":0,"comment_status":"closed","ping_status":"closed","template":"","meta":{"footnotes":""},"class_list":["post-1322","page","type-page","status-publish","hentry"],"_links":{"self":[{"href":"http:\/\/nesthocker-offingen.de\/www\/wp-json\/wp\/v2\/pages\/1322","targetHints":{"allow":["GET"]}}],"collection":[{"href":"http:\/\/nesthocker-offingen.de\/www\/wp-json\/wp\/v2\/pages"}],"about":[{"href":"http:\/\/nesthocker-offingen.de\/www\/wp-json\/wp\/v2\/types\/page"}],"author":[{"embeddable":true,"href":"http:\/\/nesthocker-offingen.de\/www\/wp-json\/wp\/v2\/users\/1"}],"replies":[{"embeddable":true,"href":"http:\/\/nesthocker-offingen.de\/www\/wp-json\/wp\/v2\/comments?post=1322"}],"version-history":[{"count":5,"href":"http:\/\/nesthocker-offingen.de\/www\/wp-json\/wp\/v2\/pages\/1322\/revisions"}],"predecessor-version":[{"id":1421,"href":"http:\/\/nesthocker-offingen.de\/www\/wp-json\/wp\/v2\/pages\/1322\/revisions\/1421"}],"wp:attachment":[{"href":"http:\/\/nesthocker-offingen.de\/www\/wp-json\/wp\/v2\/media?parent=1322"}],"curies":[{"name":"wp","href":"https:\/\/api.w.org\/{rel}","templated":true}]}}