{"id":296,"date":"2023-04-08T17:56:55","date_gmt":"2023-04-08T15:56:55","guid":{"rendered":"http:\/\/nesthocker-offingen.de\/www\/?page_id=296"},"modified":"2026-03-06T15:36:57","modified_gmt":"2026-03-06T14:36:57","slug":"impressum","status":"publish","type":"page","link":"http:\/\/nesthocker-offingen.de\/www\/impressum\/","title":{"rendered":"Impressum"},"content":{"rendered":"\n<p>Angaben gem\u00e4\u00df <a href=\"https:\/\/www.gesetze-im-internet.de\/ddg\/__5.html\">\u00a7 5 DDG<\/a><\/p>\n\n\n\n<p>Caf\u00e9 Nesthocker<br>Bahnhofstra\u00dfe 42<br>89362 Offingen<\/p>\n\n\n\n<p><strong>Vertreten durch:<\/strong><br>Michael und Manuela Weiser<\/p>\n\n\n\n<p><strong>Kontakt:<\/strong><br>Telefon: +49 (0)8224 \/ 96 78 48<br>E-Mail:&nbsp;<a href=\"mailto:info@nesthocker-offingen.de\">info@nesthocker-offingen.de<\/a><\/p>\n\n\n\n<p><strong>Umsatzsteuer-ID:<\/strong><br>DE212008902<\/p>\n\n\n\n<h5 class=\"wp-block-heading\"> <strong>Haftungshinweis<\/strong><\/h5>\n\n\n\n<p>Unser Angebot enth\u00e4lt Links zu externen Webseiten Dritter, auf deren Inhalte wir keinen Einfluss haben. Trotz sorgf\u00e4ltiger inhaltlicher Kontrolle \u00fcbernehmen wir keine Haftung f\u00fcr die Inhalte externer Links. F\u00fcr den Inhalt der verlinkten Seiten sind ausschlie\u00dflich deren Betreiber verantwortlich.<\/p>\n\n\n\n<h6 class=\"wp-block-heading\"><strong><strong>Urheberrecht<\/strong><\/strong><\/h6>\n\n\n\n<p>Die durch die Seitenbetreiber erstellten Inhalte und Werke auf diesen Seiten unterliegen dem deutschen Urheberrecht. Die Vervielf\u00e4ltigung, Bearbeitung, Verbreitung und jede Art der Verwertung au\u00dferhalb der Grenzen des Urheberrechtes bed\u00fcrfen der schriftlichen Zustimmung des jeweiligen Autors bzw. Erstellers. Downloads und Kopien dieser Seite sind nur f\u00fcr den privaten, nicht kommerziellen Gebrauch gestattet. Soweit die Inhalte auf dieser Seite nicht vom Betreiber erstellt wurden, werden die Urheberrechte Dritter beachtet. Insbesondere werden Inhalte Dritter als solche gekennzeichnet. Sollten Sie trotzdem auf eine Urheberrechtsverletzung aufmerksam werden, bitten wir um einen entsprechenden Hinweis. Bei Bekanntwerden von Rechtsverletzungen werden wir derartige Inhalte umgehend entfernen.<\/p>\n","protected":false},"excerpt":{"rendered":"<p>Angaben gem\u00e4\u00df \u00a7 5 DDG Caf\u00e9 NesthockerBahnhofstra\u00dfe 4289362 Offingen Vertreten durch:Michael und Manuela Weiser Kontakt:Telefon: +49 (0)8224 \/ 96 78 48E-Mail:&nbsp;info@nesthocker-offingen.de Umsatzsteuer-ID:DE212008902 Haftungshinweis Unser Angebot enth\u00e4lt Links zu externen Webseiten [&hellip;]<\/p>\n","protected":false},"author":1,"featured_media":0,"parent":0,"menu_order":0,"comment_status":"closed","ping_status":"closed","template":"","meta":{"footnotes":""},"class_list":["post-296","page","type-page","status-publish","hentry"],"_links":{"self":[{"href":"http:\/\/nesthocker-offingen.de\/www\/wp-json\/wp\/v2\/pages\/296","targetHints":{"allow":["GET"]}}],"collection":[{"href":"http:\/\/nesthocker-offingen.de\/www\/wp-json\/wp\/v2\/pages"}],"about":[{"href":"http:\/\/nesthocker-offingen.de\/www\/wp-json\/wp\/v2\/types\/page"}],"author":[{"embeddable":true,"href":"http:\/\/nesthocker-offingen.de\/www\/wp-json\/wp\/v2\/users\/1"}],"replies":[{"embeddable":true,"href":"http:\/\/nesthocker-offingen.de\/www\/wp-json\/wp\/v2\/comments?post=296"}],"version-history":[{"count":10,"href":"http:\/\/nesthocker-offingen.de\/www\/wp-json\/wp\/v2\/pages\/296\/revisions"}],"predecessor-version":[{"id":1607,"href":"http:\/\/nesthocker-offingen.de\/www\/wp-json\/wp\/v2\/pages\/296\/revisions\/1607"}],"wp:attachment":[{"href":"http:\/\/nesthocker-offingen.de\/www\/wp-json\/wp\/v2\/media?parent=296"}],"curies":[{"name":"wp","href":"https:\/\/api.w.org\/{rel}","templated":true}]}}