{"id":757,"date":"2025-03-04T20:21:42","date_gmt":"2025-03-04T19:21:42","guid":{"rendered":"http:\/\/nesthocker-offingen.de\/www\/?page_id=757"},"modified":"2025-08-24T21:21:17","modified_gmt":"2025-08-24T19:21:17","slug":"bauwagencamp","status":"publish","type":"page","link":"http:\/\/nesthocker-offingen.de\/www\/bauwagencamp\/","title":{"rendered":"\u00dcbernachtungen"},"content":{"rendered":"\n<p>Wanderer, Radfahrer, Urlauber, Durchreisende u.v.m. k\u00f6nnen in unserem farbenfrohen, einzigartigen <strong>Bauwagencamp<\/strong> (eine Mischung zwischen Camping und Hotel) von Ende M\u00e4rz bis Oktober \u00fcbernachten. Auch f\u00fcr 1&nbsp;Nacht sind G\u00e4ste gerne willkommen. Da wir vom <strong>ADFC zertifiziert<\/strong>, sind bieten wir entsprechend: eine Fahrradgarage ausgestattet mit passendem Werkzeug, einem Trockenraum, Sportlerfr\u00fchst\u00fcck im Caf\u00e9 und die Option f\u00fcr ein Lunchpaket, Fahrradwegekarten an. Nach Absprache k\u00f6nnen wir auch Gep\u00e4ck zur n\u00e4chsten Unterkunft in der N\u00e4he transportieren.<\/p>\n\n\n\n<figure class=\"wp-block-gallery has-nested-images columns-default is-cropped wp-block-gallery-1 is-layout-flex wp-block-gallery-is-layout-flex\">\n<figure class=\"wp-block-image size-large\"><img loading=\"lazy\" decoding=\"async\" width=\"768\" height=\"1024\" data-id=\"1437\" src=\"http:\/\/nesthocker-offingen.de\/www\/wp-content\/uploads\/2025\/08\/20220527_165023-1-768x1024.jpg\" alt=\"\" class=\"wp-image-1437\" srcset=\"http:\/\/nesthocker-offingen.de\/www\/wp-content\/uploads\/2025\/08\/20220527_165023-1-768x1024.jpg 768w, http:\/\/nesthocker-offingen.de\/www\/wp-content\/uploads\/2025\/08\/20220527_165023-1-225x300.jpg 225w, http:\/\/nesthocker-offingen.de\/www\/wp-content\/uploads\/2025\/08\/20220527_165023-1-1152x1536.jpg 1152w, http:\/\/nesthocker-offingen.de\/www\/wp-content\/uploads\/2025\/08\/20220527_165023-1-1536x2048.jpg 1536w, http:\/\/nesthocker-offingen.de\/www\/wp-content\/uploads\/2025\/08\/20220527_165023-1-1200x1600.jpg 1200w, http:\/\/nesthocker-offingen.de\/www\/wp-content\/uploads\/2025\/08\/20220527_165023-1-1980x2640.jpg 1980w, http:\/\/nesthocker-offingen.de\/www\/wp-content\/uploads\/2025\/08\/20220527_165023-1-scaled.jpg 1920w\" sizes=\"auto, (max-width: 768px) 100vw, 768px\" \/><\/figure>\n\n\n\n<figure class=\"wp-block-image size-large\"><img loading=\"lazy\" decoding=\"async\" width=\"1024\" height=\"768\" data-id=\"1435\" src=\"http:\/\/nesthocker-offingen.de\/www\/wp-content\/uploads\/2025\/08\/20210901_160937-1-1024x768.jpg\" alt=\"\" class=\"wp-image-1435\" srcset=\"http:\/\/nesthocker-offingen.de\/www\/wp-content\/uploads\/2025\/08\/20210901_160937-1-1024x768.jpg 1024w, http:\/\/nesthocker-offingen.de\/www\/wp-content\/uploads\/2025\/08\/20210901_160937-1-300x225.jpg 300w, http:\/\/nesthocker-offingen.de\/www\/wp-content\/uploads\/2025\/08\/20210901_160937-1-768x576.jpg 768w, http:\/\/nesthocker-offingen.de\/www\/wp-content\/uploads\/2025\/08\/20210901_160937-1-1536x1152.jpg 1536w, http:\/\/nesthocker-offingen.de\/www\/wp-content\/uploads\/2025\/08\/20210901_160937-1-2048x1536.jpg 2048w, http:\/\/nesthocker-offingen.de\/www\/wp-content\/uploads\/2025\/08\/20210901_160937-1-1200x900.jpg 1200w, http:\/\/nesthocker-offingen.de\/www\/wp-content\/uploads\/2025\/08\/20210901_160937-1-1980x1485.jpg 1980w\" sizes=\"auto, (max-width: 1024px) 100vw, 1024px\" \/><\/figure>\n\n\n\n<figure class=\"wp-block-image size-large\"><img loading=\"lazy\" decoding=\"async\" width=\"1024\" height=\"768\" data-id=\"1434\" src=\"http:\/\/nesthocker-offingen.de\/www\/wp-content\/uploads\/2025\/08\/20210817_143707-1-1024x768.jpg\" alt=\"\" class=\"wp-image-1434\" srcset=\"http:\/\/nesthocker-offingen.de\/www\/wp-content\/uploads\/2025\/08\/20210817_143707-1-1024x768.jpg 1024w, http:\/\/nesthocker-offingen.de\/www\/wp-content\/uploads\/2025\/08\/20210817_143707-1-300x225.jpg 300w, http:\/\/nesthocker-offingen.de\/www\/wp-content\/uploads\/2025\/08\/20210817_143707-1-768x576.jpg 768w, http:\/\/nesthocker-offingen.de\/www\/wp-content\/uploads\/2025\/08\/20210817_143707-1-1536x1152.jpg 1536w, http:\/\/nesthocker-offingen.de\/www\/wp-content\/uploads\/2025\/08\/20210817_143707-1-2048x1536.jpg 2048w, http:\/\/nesthocker-offingen.de\/www\/wp-content\/uploads\/2025\/08\/20210817_143707-1-1200x900.jpg 1200w, http:\/\/nesthocker-offingen.de\/www\/wp-content\/uploads\/2025\/08\/20210817_143707-1-1980x1485.jpg 1980w\" sizes=\"auto, (max-width: 1024px) 100vw, 1024px\" \/><\/figure>\n\n\n\n<figure class=\"wp-block-image size-large\"><img loading=\"lazy\" decoding=\"async\" width=\"1024\" height=\"461\" data-id=\"1436\" src=\"http:\/\/nesthocker-offingen.de\/www\/wp-content\/uploads\/2025\/08\/20230515_165153-1-1024x461.jpg\" alt=\"\" class=\"wp-image-1436\" srcset=\"http:\/\/nesthocker-offingen.de\/www\/wp-content\/uploads\/2025\/08\/20230515_165153-1-1024x461.jpg 1024w, http:\/\/nesthocker-offingen.de\/www\/wp-content\/uploads\/2025\/08\/20230515_165153-1-300x135.jpg 300w, http:\/\/nesthocker-offingen.de\/www\/wp-content\/uploads\/2025\/08\/20230515_165153-1-768x346.jpg 768w, http:\/\/nesthocker-offingen.de\/www\/wp-content\/uploads\/2025\/08\/20230515_165153-1-1536x691.jpg 1536w, http:\/\/nesthocker-offingen.de\/www\/wp-content\/uploads\/2025\/08\/20230515_165153-1-2048x922.jpg 2048w, http:\/\/nesthocker-offingen.de\/www\/wp-content\/uploads\/2025\/08\/20230515_165153-1-1200x540.jpg 1200w, http:\/\/nesthocker-offingen.de\/www\/wp-content\/uploads\/2025\/08\/20230515_165153-1-1980x891.jpg 1980w\" sizes=\"auto, (max-width: 1024px) 100vw, 1024px\" \/><\/figure>\n<\/figure>\n\n\n\n<figure class=\"wp-block-image size-large\"><img loading=\"lazy\" decoding=\"async\" width=\"1024\" height=\"461\" src=\"http:\/\/nesthocker-offingen.de\/www\/wp-content\/uploads\/2025\/08\/20230515_161454-1024x461.jpg\" alt=\"\" class=\"wp-image-1439\" srcset=\"http:\/\/nesthocker-offingen.de\/www\/wp-content\/uploads\/2025\/08\/20230515_161454-1024x461.jpg 1024w, http:\/\/nesthocker-offingen.de\/www\/wp-content\/uploads\/2025\/08\/20230515_161454-300x135.jpg 300w, http:\/\/nesthocker-offingen.de\/www\/wp-content\/uploads\/2025\/08\/20230515_161454-768x346.jpg 768w, http:\/\/nesthocker-offingen.de\/www\/wp-content\/uploads\/2025\/08\/20230515_161454-1536x691.jpg 1536w, http:\/\/nesthocker-offingen.de\/www\/wp-content\/uploads\/2025\/08\/20230515_161454-2048x922.jpg 2048w, http:\/\/nesthocker-offingen.de\/www\/wp-content\/uploads\/2025\/08\/20230515_161454-1200x540.jpg 1200w, http:\/\/nesthocker-offingen.de\/www\/wp-content\/uploads\/2025\/08\/20230515_161454-1980x891.jpg 1980w\" sizes=\"auto, (max-width: 1024px) 100vw, 1024px\" \/><\/figure>\n\n\n\n<p>\u00dcbernachtungen auch f\u00fcr 1&nbsp;Nacht ohne Aufpreis<\/p>\n\n\n\n<ul class=\"wp-block-list\">\n<li>10&nbsp;Minuten zum <a href=\"https:\/\/www.legoland.de\/\" target=\"_blank\" rel=\"noreferrer noopener\">Legoland<\/a> bzw. <a href=\"https:\/\/www.peppapigpark.de\/\" target=\"_blank\" rel=\"noreferrer noopener\">Peppa-Wutz<\/a> mit dem PKW<\/li>\n\n\n\n<li>2&nbsp;Minuten zum Bahnhof Offingen<br>Direktverbindungen nach Ulm, Stuttgart, Augsburg, M\u00fcnchen oder G\u00fcnzburg (mit Shuttlebus zum Legoland bzw. Peppa-Wutz-Park)<\/li>\n\n\n\n<li>100% gr\u00fcner Strom<\/li>\n\n\n\n<li>Gep\u00e4ckservice f\u00fcr Wanderer<\/li>\n\n\n\n<li>Fahrradgarage mit Ladestation und Werkzeug<\/li>\n\n\n\n<li>Tourenkarten f\u00fcr Radfahrer und Wanderer<\/li>\n\n\n\n<li>Lunchpakete f\u00fcr Fr\u00fchaufsteher<\/li>\n\n\n\n<li>Frische &#8211; reginonale &#8211; saisonale &#8211; vegetarische und vegane Produkte<\/li>\n<\/ul>\n\n\n\n<div class=\"wp-block-buttons is-content-justification-center is-layout-flex wp-container-core-buttons-is-layout-8057eaf3 wp-block-buttons-is-layout-flex\">\n<div class=\"wp-block-button\"><a class=\"wp-block-button__link wp-element-button\" href=\"http:\/\/nesthocker-offingen.de\/www\/virtuelle-tour\" target=\"_blank\" rel=\"noreferrer noopener\">Virtuelle Tour starten<\/a><\/div>\n<\/div>\n\n\n\n<p class=\"has-text-align-center\"><strong>BUCHUNG AUCH GERNE PER EMAIL ODER ANRUF DIREKT BEI UNS!<\/strong><\/p>\n\n\n\n<div class=\"wp-block-group\"><div class=\"wp-block-group__inner-container is-layout-constrained wp-block-group-is-layout-constrained\">\n<p><iframe src=\"https:\/\/tbooking.toubiz.de\/GER00020060788132760\/tbooking\" height=\"500\"><\/iframe><\/p>\n<\/div><\/div>\n\n\n\n<figure class=\"wp-block-image size-large\"><img loading=\"lazy\" decoding=\"async\" width=\"1024\" height=\"1024\" src=\"http:\/\/nesthocker-offingen.de\/www\/wp-content\/uploads\/2023\/01\/Camp-kpl.-1024x1024.jpg\" alt=\"\" class=\"wp-image-989\" srcset=\"http:\/\/nesthocker-offingen.de\/www\/wp-content\/uploads\/2023\/01\/Camp-kpl.-1024x1024.jpg 1024w, http:\/\/nesthocker-offingen.de\/www\/wp-content\/uploads\/2023\/01\/Camp-kpl.-300x300.jpg 300w, http:\/\/nesthocker-offingen.de\/www\/wp-content\/uploads\/2023\/01\/Camp-kpl.-150x150.jpg 150w, http:\/\/nesthocker-offingen.de\/www\/wp-content\/uploads\/2023\/01\/Camp-kpl.-768x768.jpg 768w, http:\/\/nesthocker-offingen.de\/www\/wp-content\/uploads\/2023\/01\/Camp-kpl.-1536x1536.jpg 1536w, http:\/\/nesthocker-offingen.de\/www\/wp-content\/uploads\/2023\/01\/Camp-kpl.-2048x2048.jpg 2048w, http:\/\/nesthocker-offingen.de\/www\/wp-content\/uploads\/2023\/01\/Camp-kpl.-1200x1200.jpg 1200w, http:\/\/nesthocker-offingen.de\/www\/wp-content\/uploads\/2023\/01\/Camp-kpl.-1980x1980.jpg 1980w\" sizes=\"auto, (max-width: 1024px) 100vw, 1024px\" \/><\/figure>\n\n\n\n<p><strong>2<\/strong> <strong>kleine<\/strong> <strong>Bauwagen<\/strong> sind ausgebaut mit jeweils 2 Einzelbetten.<\/p>\n\n\n\n<p><strong>4 gro\u00dfe<\/strong> <strong>Bauwagen<\/strong> sind so eingerichtet, dass auch Familien mit 1-2 Kleinkindern in 1 gro\u00dfen Familienbett (2,3 x 2m) schlafen k\u00f6nnen.<\/p>\n\n\n\n<p>Jeder Bauwagen hat eine kleine Sitzecke, im Garten jeweils eine Terrasse und zu jedem Bauwagen befindet sich im Nebengeb\u00e4ude <strong>jeweils ein eigenes Bad mit WC, gro\u00dfem Waschbecken und Dusche, (d.h. KEINE Gemeinschaftsdusche!!!)<\/strong><\/p>\n\n\n\n<p>Im Haus bieten wir unseren G\u00e4sten das ganze Jahr ein <strong>2-Bett-<\/strong> und ein <strong>3-4-Bettzimmer<\/strong> mit jeweils einem eigenen Bad auf der gegen\u00fcberliegenden Gangseite zum \u00dcbernachten an.<\/p>\n\n\n\n<p><strong>Wir  freuen uns auf  Euren Besuch und w\u00fcnschen einen angenehmen Aufenthalt!<\/strong> <strong>Sollte es Fragen geben sind wir jederzeit erreichbar.<\/strong><\/p>\n\n\n\n<h5 class=\"wp-block-heading\">Preise<\/h5>\n\n\n\n<figure class=\"wp-block-table\"><table><tbody><tr><td><\/td><td>1 Pers.<\/td><td>2 Pers.<\/td><td>3 &#8211; 4 Pers.<\/td><\/tr><tr><td><em><strong>Bauwagencamp<\/strong><\/em><\/td><td><\/td><td><\/td><td><\/td><\/tr><tr><td><strong>Kleiner  Bauwagen<\/strong><\/td><td>65 \u20ac<\/td><td>85 \u20ac<\/td><td>&#8212;<\/td><\/tr><tr><td><strong>Gro\u00dfer Bauwagen<\/strong><\/td><td>75 \u20ac<\/td><td>90 \u20ac<\/td><td>105 \u20ac<\/td><\/tr><tr><td><strong><em>Pension<\/em><\/strong><\/td><td><\/td><td><\/td><td><\/td><\/tr><tr><td><strong>2-Bettzimmer<\/strong><\/td><td>55 \u20ac<\/td><td>75 \u20ac<\/td><td>&#8212;<\/td><\/tr><tr><td><strong>Familienzimmer<\/strong><\/td><td>75 \u20ac<\/td><td>90 \u20ac<\/td><td>105 \u20ac<\/td><\/tr><\/tbody><\/table><\/figure>\n\n\n\n<figure class=\"wp-block-image size-large\"><img loading=\"lazy\" decoding=\"async\" width=\"1024\" height=\"681\" src=\"http:\/\/nesthocker-offingen.de\/www\/wp-content\/uploads\/2025\/03\/2-Bettzimmer-1024x681.jpg\" alt=\"2-Bettzimmer\" class=\"wp-image-1297\" srcset=\"http:\/\/nesthocker-offingen.de\/www\/wp-content\/uploads\/2025\/03\/2-Bettzimmer-1024x681.jpg 1024w, http:\/\/nesthocker-offingen.de\/www\/wp-content\/uploads\/2025\/03\/2-Bettzimmer-300x199.jpg 300w, http:\/\/nesthocker-offingen.de\/www\/wp-content\/uploads\/2025\/03\/2-Bettzimmer-768x511.jpg 768w, http:\/\/nesthocker-offingen.de\/www\/wp-content\/uploads\/2025\/03\/2-Bettzimmer-1536x1021.jpg 1536w, http:\/\/nesthocker-offingen.de\/www\/wp-content\/uploads\/2025\/03\/2-Bettzimmer-2048x1362.jpg 2048w, http:\/\/nesthocker-offingen.de\/www\/wp-content\/uploads\/2025\/03\/2-Bettzimmer-1200x798.jpg 1200w, http:\/\/nesthocker-offingen.de\/www\/wp-content\/uploads\/2025\/03\/2-Bettzimmer-1980x1316.jpg 1980w\" sizes=\"auto, (max-width: 1024px) 100vw, 1024px\" \/><figcaption class=\"wp-element-caption\">Zweibettzimmer<\/figcaption><\/figure>\n\n\n\n<figure class=\"wp-block-image size-large\"><img loading=\"lazy\" decoding=\"async\" width=\"1024\" height=\"681\" src=\"http:\/\/nesthocker-offingen.de\/www\/wp-content\/uploads\/2025\/03\/3-Bettzimmer-1024x681.jpg\" alt=\"3-Bettzimmer\" class=\"wp-image-1296\" srcset=\"http:\/\/nesthocker-offingen.de\/www\/wp-content\/uploads\/2025\/03\/3-Bettzimmer-1024x681.jpg 1024w, http:\/\/nesthocker-offingen.de\/www\/wp-content\/uploads\/2025\/03\/3-Bettzimmer-300x199.jpg 300w, http:\/\/nesthocker-offingen.de\/www\/wp-content\/uploads\/2025\/03\/3-Bettzimmer-768x511.jpg 768w, http:\/\/nesthocker-offingen.de\/www\/wp-content\/uploads\/2025\/03\/3-Bettzimmer-1536x1021.jpg 1536w, http:\/\/nesthocker-offingen.de\/www\/wp-content\/uploads\/2025\/03\/3-Bettzimmer-2048x1362.jpg 2048w, http:\/\/nesthocker-offingen.de\/www\/wp-content\/uploads\/2025\/03\/3-Bettzimmer-1200x798.jpg 1200w, http:\/\/nesthocker-offingen.de\/www\/wp-content\/uploads\/2025\/03\/3-Bettzimmer-1980x1316.jpg 1980w\" sizes=\"auto, (max-width: 1024px) 100vw, 1024px\" \/><figcaption class=\"wp-element-caption\">Familienzimmer<\/figcaption><\/figure>\n","protected":false},"excerpt":{"rendered":"<p>Wanderer, Radfahrer, Urlauber, Durchreisende u.v.m. k\u00f6nnen in unserem farbenfrohen, einzigartigen Bauwagencamp (eine Mischung zwischen Camping und Hotel) von Ende M\u00e4rz bis Oktober \u00fcbernachten. Auch f\u00fcr 1&nbsp;Nacht sind G\u00e4ste gerne willkommen. [&hellip;]<\/p>\n","protected":false},"author":1,"featured_media":0,"parent":0,"menu_order":0,"comment_status":"closed","ping_status":"closed","template":"","meta":{"footnotes":""},"class_list":["post-757","page","type-page","status-publish","hentry"],"_links":{"self":[{"href":"http:\/\/nesthocker-offingen.de\/www\/wp-json\/wp\/v2\/pages\/757","targetHints":{"allow":["GET"]}}],"collection":[{"href":"http:\/\/nesthocker-offingen.de\/www\/wp-json\/wp\/v2\/pages"}],"about":[{"href":"http:\/\/nesthocker-offingen.de\/www\/wp-json\/wp\/v2\/types\/page"}],"author":[{"embeddable":true,"href":"http:\/\/nesthocker-offingen.de\/www\/wp-json\/wp\/v2\/users\/1"}],"replies":[{"embeddable":true,"href":"http:\/\/nesthocker-offingen.de\/www\/wp-json\/wp\/v2\/comments?post=757"}],"version-history":[{"count":28,"href":"http:\/\/nesthocker-offingen.de\/www\/wp-json\/wp\/v2\/pages\/757\/revisions"}],"predecessor-version":[{"id":1453,"href":"http:\/\/nesthocker-offingen.de\/www\/wp-json\/wp\/v2\/pages\/757\/revisions\/1453"}],"wp:attachment":[{"href":"http:\/\/nesthocker-offingen.de\/www\/wp-json\/wp\/v2\/media?parent=757"}],"curies":[{"name":"wp","href":"https:\/\/api.w.org\/{rel}","templated":true}]}}